{"id":2606,"date":"2026-04-16T10:43:22","date_gmt":"2026-04-16T08:43:22","guid":{"rendered":"https:\/\/stg-aptns.ideadocet.com\/cookie-policy\/"},"modified":"2026-04-16T10:43:22","modified_gmt":"2026-04-16T08:43:22","slug":"cookie-policy","status":"publish","type":"page","link":"https:\/\/stg-aptns.ideadocet.com\/en\/cookie-policy\/","title":{"rendered":"Cookie Policy"},"content":{"rendered":"\n<p>Geasar S.p.A. (di seguito \u201cTitolare\u201d) ai sensi dell\u2019art. 13 del Regolamento Generale sulla Protezione dei Dati n. 2016\/679 (di seguito, \u201c<strong>GDPR<\/strong>\u201d), Le rilascia le informazioni relative al trattamento dei Suoi dati personali, effettuato tramite i cookie, web beacon, web bug, e tecnologie similari presenti all\u2019interno delle pagine del sito web&nbsp;<a href=\"https:\/\/www.geasar.it\/\">www.geasar.it<\/a>&nbsp;(di seguito, il \u201c<strong>Sito<\/strong>\u201d).<\/p>\n\n\n\n<p>Questo sito web utilizza i cookie. Utilizziamo i cookie per personalizzare contenuti ed annunci, per fornire funzionalit\u00e0 dei social media e per analizzare il nostro traffico. Condividiamo inoltre informazioni sul modo in cui utilizza il nostro sito con i nostri partner che si occupano di analisi dei dati web, pubblicit\u00e0 e social media, i quali potrebbero combinarle con altre informazioni che ha fornito loro o che hanno raccolto dal suo utilizzo dei loro servizi.<\/p>\n\n\n\n<p>Il Sito utilizza le seguenti tipologie di cookie, le quali possono essere de-selezionate in modo granulare attraverso l\u2019apposito pannello di controllo presente in corrispondenza del banner cookie di cui alla homepage del Sito medesimo. Con particolare riferimento ai cookie di terze parti, invece, l\u2019utente dovr\u00e0 fare riferimento direttamente alle relative modalit\u00e0 di selezione e de-selezione indicate a mezzo dei link nel seguito riportati.<br>In particolare, sul Sito sono presenti:<\/p>\n\n\n\n<ul class=\"wp-block-list\">\n<li>Cookie tecnici di navigazione o di sessione: strettamente necessari per il funzionamento del Sito e per consentire all\u2019utente di usufruire dei contenuti e dei servizi richiesti;<\/li>\n\n\n\n<li>Cookie di funzionalit\u00e0: utilizzati per attivare specifiche funzionalit\u00e0 del Sito (ad es., la lingua) e cos\u00ec migliorare il servizio reso;<\/li>\n\n\n\n<li>Cookie analitici: consentono di comprendere come il Sito venga utilizzato dagli utenti.<\/li>\n\n\n\n<li>Cookie di terze parti: ovverosia cookie di siti web o di web server diversi da quello del Titolare, utilizzati per finalit\u00e0 proprie di dette terze parti. Si precisa che tali soggetti terzi \u2013 di seguito elencati con i relativi collegamenti alle politiche sulla privacy &#8211; sono tipicamente autonomi titolari del trattamento dei dati raccolti attraverso i cookie da essi forniti. L\u2019utente, pertanto, dovr\u00e0 fare riferimento alle loro politiche di trattamento di dati personali, informative e moduli di consenso, disponibili ai seguenti link:\n<ul class=\"wp-block-list\">\n<li><a href=\"https:\/\/policies.google.com\/privacy?hl=it&amp;gl=it\" target=\"_blank\" rel=\"noreferrer noopener\">Google<\/a>;<\/li>\n\n\n\n<li><a href=\"https:\/\/tools.google.com\/dlpage\/gaoptout\" target=\"_blank\" rel=\"noreferrer noopener\">Google Analytics<\/a>;<\/li>\n\n\n\n<li><a href=\"https:\/\/www.zendesk.it\/company\/agreements-and-terms\/privacy-policy\/\/#georedirect\" target=\"_blank\" rel=\"noreferrer noopener\">Zendesk<\/a>;<\/li>\n\n\n\n<li><a href=\"https:\/\/www.booking.com\/general.it.html?label=gen173nr-1FCAEoggJCAlhYSDNYBGg9iAEBmAEGwgEKd2luZG93cyAxMMgBDNgBAegBAfgBC5ICAXmoAgM&amp;sid=c459a0ce635dbaf2d5421dd7a7c1ef19&amp;tmpl=docs%2Fprivacy-policy&amp;lang=it&amp;rid=0&amp;soz=1&amp;lang_click=other;cdl=da;lang_changed=1\" target=\"_blank\" rel=\"noreferrer noopener\">Booking.com<\/a>;<\/li>\n\n\n\n<li><a href=\"https:\/\/next14.com\/\" target=\"_blank\" rel=\"noreferrer noopener\">Turbo<\/a>;<\/li>\n\n\n\n<li><a href=\"https:\/\/www.rentalcars.com\/it\/privacy\/\" target=\"_blank\" rel=\"noreferrer noopener\">Rentalcars.com<\/a>;<\/li>\n\n\n\n<li><a href=\"https:\/\/www.facebook.com\/policy.php\/\" target=\"_blank\" rel=\"noreferrer noopener\">Meta Platforms, Inc.<\/a>;<\/li>\n\n\n\n<li><a href=\"https:\/\/www.xandr.com\/\" target=\"_blank\" rel=\"noreferrer noopener\">Appnexus<\/a>;<\/li>\n\n\n\n<li><a href=\"https:\/\/policies.google.com\/privacy\" target=\"_blank\" rel=\"noreferrer noopener\">Youtube<\/a>.<\/li>\n<\/ul>\n<\/li>\n<\/ul>\n\n\n\n<p>Nel dettaglio, i cookie inviati dal Titolare tramite il Sito sono indicati di seguito:<\/p>\n\n\n\n<p>I cookie sono piccoli file di testo che possono essere utilizzati dai siti web per rendere pi\u00f9 efficiente l&#8217;esperienza per l&#8217;utente.<br><br>La legge afferma che possiamo memorizzare i cookie sul suo dispositivo se sono strettamente necessari per il funzionamento di questo sito. Per tutti gli altri tipi di cookie abbiamo bisogno del suo permesso.<br><br>Questo sito utilizza diversi tipi di cookie. Alcuni cookie sono collocati da servizi di terzi che compaiono sulle nostre pagine.<br><br>In qualsiasi momento \u00e8 possibile modificare o revocare il proprio consenso dalla Dichiarazione dei cookie sul nostro sito Web.<br><br>Scopra di pi\u00f9 su chi siamo, come pu\u00f2 contattarci e come trattiamo i dati personali nella nostra Informativa sulla privacy.<br><br>Specifica l\u2019ID del tuo consenso e la data di quando ci hai contattati per quanto riguarda il tuo consenso.<\/p>\n\n\n\n<p>Il tuo consenso si applica ai seguenti siti web: www.geasar.it<\/p>\n\n\n\n<p>Il tuo stato attuale: Rifiuta.&nbsp;<\/p>\n\n\n\n<p id=\"CookieDeclarationConsentIdAndDate\">ID del consenso:&nbsp;0QpDFTIhOYdFLgMU29jDXjBUIxvPt+8hSDuJBFf9LudC\/OB3\/W0qUQ==Data del consenso:&nbsp;gioved\u00ec 2 aprile 2026 alle ore 11:36:34 CEST<\/p>\n\n\n\n<p><a href=\"https:\/\/www.geasar.it\/chi-siamo\/certificazioni-e-policies#\">Modifica consenso<\/a><\/p>\n\n\n\n<p>Dichiarazione Cookie aggiornata l&#8217;ultima volta il 30\/03\/26 da&nbsp;<a href=\"https:\/\/www.cookiebot.com\/\" target=\"_blank\" rel=\"noreferrer noopener\">Cookiebot<\/a>:<\/p>\n\n\n\n<p>Necessari (17)<\/p>\n\n\n\n<p>I cookie necessari contribuiscono a rendere fruibile il sito web abilitandone funzionalit\u00e0 di base quali la navigazione sulle pagine e l&#8217;accesso alle aree protette del sito. Il sito web non \u00e8 in grado di funzionare correttamente senza questi cookie.<\/p>\n\n\n\n<figure class=\"wp-block-table\"><table class=\"has-fixed-layout\"><thead><tr><th class=\"has-text-align-left\" data-align=\"left\">Nome<\/th><th class=\"has-text-align-left\" data-align=\"left\">Fornitore<\/th><th class=\"has-text-align-left\" data-align=\"left\">Scopo<\/th><th class=\"has-text-align-left\" data-align=\"left\">Durata massima di archiviazione<\/th><th class=\"has-text-align-left\" data-align=\"left\">Tipo<\/th><\/tr><\/thead><tbody><tr><td>__cf_bm<\/td><td><a target=\"_blank\" rel=\"noreferrer noopener\" href=\"https:\/\/www.zendesk.com\/company\/customers-partners\/privacy-policy\/\">Zendesk<\/a><\/td><td>Questo cookie \u00e8 usato per distinguere tra umani e robot. Questo \u00e8 utile per il sito web, al fine di rendere validi rapporti sull&#8217;uso del sito.<\/td><td>1 giorno<\/td><td>Cookie HTTP<\/td><\/tr><tr><td>__RequestVerificationToken<\/td><td>www.geasar.it<\/td><td>Aiuta a prevenire gli attacchi CSRF (Cross-Site Request Forgery).<\/td><td>Sessione<\/td><td>Cookie HTTP<\/td><\/tr><tr><td>__zlcid<\/td><td><a target=\"_blank\" rel=\"noreferrer noopener\" href=\"https:\/\/www.zendesk.com\/company\/customers-partners\/privacy-policy\/\">Zendesk<\/a><\/td><td>Questo cookie \u00e8 necessario per garantire il funzionamento della funzione di chat nell\u2019apposito riquadro sul sito.<\/td><td>Sessione<\/td><td>Cookie HTTP<\/td><\/tr><tr><td>__zlcstore [x2]<\/td><td><a target=\"_blank\" rel=\"noreferrer noopener\" href=\"https:\/\/www.zendesk.com\/company\/customers-partners\/privacy-policy\/\">Zendesk<\/a><br>www.geasar.it<\/td><td>Questo cookie \u00e8 necessario per garantire il funzionamento della funzione di chat nell\u2019apposito riquadro sul sito.<\/td><td>Persistente<\/td><td>Archiviazione locale HTML<\/td><\/tr><tr><td>_cfuvid<\/td><td><a target=\"_blank\" rel=\"noreferrer noopener\" href=\"https:\/\/www.zendesk.com\/company\/customers-partners\/privacy-policy\/\">Zendesk<\/a><\/td><td>Questo cookie \u00e8 una parte dei servizi forniti da Cloudflare, tra cui bilanciamento del carico, consegna del contenuto del sito web e connessione DNS per gli operatori del sito web.<\/td><td>Sessione<\/td><td>Cookie HTTP<\/td><\/tr><tr><td>ASP.NET_SessionId<\/td><td>www.geasar.it<\/td><td>Preserva gli stati dell&#8217;utente nelle diverse pagine del sito.<\/td><td>Sessione<\/td><td>Cookie HTTP<\/td><\/tr><tr><td>AWSALBCORS<\/td><td><a target=\"_blank\" rel=\"noreferrer noopener\" href=\"https:\/\/www.zendesk.com\/company\/customers-partners\/privacy-policy\/\">Zendesk<\/a><\/td><td>Registra quale server-cluster sta servendo il visitatore. Questo \u00e8 usato nel contesto del bilanciamento del carico, al fine di ottimizzare l&#8217;esperienza dell&#8217;utente.<\/td><td>7 giorni<\/td><td>Cookie HTTP<\/td><\/tr><tr><td>bkng<\/td><td><a target=\"_blank\" rel=\"noreferrer noopener\" href=\"https:\/\/www.booking.com\/content\/privacy.html?label=gen173nr-1DCAEoggI46AdIM1gEaD2IAQGYATG4ARfIAQzYAQPoAQH4AQKIAgGoAgM;sid=e5c016a7731fe29c120bf2a5e5d53563\">Booking.com<\/a><\/td><td>Necessario per la funzione di prenotazione del sito web.<\/td><td>400 giorni<\/td><td>Cookie HTTP<\/td><\/tr><tr><td>bkng_sso_auth [x2]<\/td><td><a target=\"_blank\" rel=\"noreferrer noopener\" href=\"https:\/\/www.booking.com\/content\/privacy.html?label=gen173nr-1DCAEoggI46AdIM1gEaD2IAQGYATG4ARfIAQzYAQPoAQH4AQKIAgGoAgM;sid=e5c016a7731fe29c120bf2a5e5d53563\">Booking.com<\/a><br><a target=\"_blank\" rel=\"noreferrer noopener\" href=\"https:\/\/www.rentalcars.com\/da\/privacy\/\">Rentalcars.com<\/a><\/td><td>Si usa per abilitare l&#8217;autenticazione SSO, che consente all&#8217;utente di accedere a pi\u00f9 applicazioni e siti web con un unico set di credenziali.<\/td><td>2 anni<\/td><td>Cookie HTTP<\/td><\/tr><tr><td>cf_clearance<\/td><td>cloudpano.com<\/td><td>Questo cookie \u00e8 usato per distinguere tra umani e robot.<\/td><td>1 anno<\/td><td>Cookie HTTP<\/td><\/tr><tr><td>CookieConsent<\/td><td><a target=\"_blank\" rel=\"noreferrer noopener\" href=\"https:\/\/www.cookiebot.com\/goto\/privacy-policy\/\">Cookiebot<\/a><\/td><td>Memorizza lo stato del consenso ai cookie dell&#8217;utente per il dominio corrente<\/td><td>1 anno<\/td><td>Cookie HTTP<\/td><\/tr><tr><td>cookietest<\/td><td>app.cloudpano.com<\/td><td>Questo cookie viene utilizzato per determinare se il visitatore ha prestato il consenso all\u2019utilizzo dei cookie.<\/td><td>Sessione<\/td><td>Cookie HTTP<\/td><\/tr><tr><td>rc::a<\/td><td><a target=\"_blank\" rel=\"noreferrer noopener\" href=\"https:\/\/business.safety.google\/privacy\/\">Google<\/a><\/td><td>Questo cookie \u00e8 usato per distinguere tra umani e robot. Questo \u00e8 utile per il sito web, al fine di rendere validi rapporti sull&#8217;uso del sito.<\/td><td>Persistente<\/td><td>Archiviazione locale HTML<\/td><\/tr><tr><td>rc::c<\/td><td><a target=\"_blank\" rel=\"noreferrer noopener\" href=\"https:\/\/business.safety.google\/privacy\/\">Google<\/a><\/td><td>Questo cookie \u00e8 usato per distinguere tra umani e robot.<\/td><td>Sessione<\/td><td>Archiviazione locale HTML<\/td><\/tr><tr><td>user<\/td><td>cdn.cloudpano.com<\/td><td>ID univoco che identifica la sessione dell&#8217;utente.<\/td><td>1 anno<\/td><td>Cookie HTTP<\/td><\/tr><\/tbody><\/table><\/figure>\n\n\n\n<p>Preferenze (2)<\/p>\n\n\n\n<p>I cookie di preferenza consentono al sito web di memorizzare informazioni che ne influenzano il comportamento o l&#8217;aspetto, quali la lingua preferita o la localit\u00e0 nella quale ti trovi.<\/p>\n\n\n\n<figure class=\"wp-block-table\"><table class=\"has-fixed-layout\"><thead><tr><th class=\"has-text-align-left\" data-align=\"left\">Nome<\/th><th class=\"has-text-align-left\" data-align=\"left\">Fornitore<\/th><th class=\"has-text-align-left\" data-align=\"left\">Scopo<\/th><th class=\"has-text-align-left\" data-align=\"left\">Durata massima di archiviazione<\/th><th class=\"has-text-align-left\" data-align=\"left\">Tipo<\/th><\/tr><\/thead><tbody><tr><td>__zlcstore<\/td><td><a target=\"_blank\" rel=\"noreferrer noopener\" href=\"https:\/\/www.zendesk.com\/company\/customers-partners\/privacy-policy\/\">Zendesk<\/a><\/td><td>Necessario per la corretta funzionalit\u00e0 della chat-box del sito web.<\/td><td>Sessione<\/td><td>Cookie HTTP<\/td><\/tr><tr><td>ZD-store<\/td><td><a target=\"_blank\" rel=\"noreferrer noopener\" href=\"https:\/\/www.zendesk.com\/company\/customers-partners\/privacy-policy\/\">Zendesk<\/a><\/td><td>Registra se l&#8217;assistente di self-service Zendesk Answer Bot \u00e8 stato visualizzato all&#8217;utente del sito web.<\/td><td>Persistente<\/td><td>Archiviazione locale HTML<\/td><\/tr><\/tbody><\/table><\/figure>\n\n\n\n<p>Statistiche (3)<\/p>\n\n\n\n<p>I cookie statistici aiutano i proprietari del sito web a capire come i visitatori interagiscono con i siti raccogliendo e trasmettendo informazioni in forma anonima.<\/p>\n\n\n\n<figure class=\"wp-block-table\"><table class=\"has-fixed-layout\"><thead><tr><th class=\"has-text-align-left\" data-align=\"left\">Nome<\/th><th class=\"has-text-align-left\" data-align=\"left\">Fornitore<\/th><th class=\"has-text-align-left\" data-align=\"left\">Scopo<\/th><th class=\"has-text-align-left\" data-align=\"left\">Durata massima di archiviazione<\/th><th class=\"has-text-align-left\" data-align=\"left\">Tipo<\/th><\/tr><\/thead><tbody><tr><td>__mh_tt_s<\/td><td>t.cloudpano.com<\/td><td>Utilizzato dai proprietari del sito web per identificare le modalit\u00e0 di accesso del visitatore al sito. Usato a fini statistici.<\/td><td>400 giorni<\/td><td>Cookie HTTP<\/td><\/tr><tr><td>ZD-buid<\/td><td><a target=\"_blank\" rel=\"noreferrer noopener\" href=\"https:\/\/www.zendesk.com\/company\/customers-partners\/privacy-policy\/\">Zendesk<\/a><\/td><td>ID univoco che identifica l&#8217;utente in caso di visite ricorrenti.<\/td><td>Persistente<\/td><td>Archiviazione locale HTML<\/td><\/tr><tr><td>ZD-suid<\/td><td><a target=\"_blank\" rel=\"noreferrer noopener\" href=\"https:\/\/www.zendesk.com\/company\/customers-partners\/privacy-policy\/\">Zendesk<\/a><\/td><td>Registra dati statistici sul comportamento dei utenti sul sito web. Questi vengono utilizzati per l&#8217;analisi interna dall&#8217;operatore del sito.<\/td><td>Persistente<\/td><td>Archiviazione locale HTML<\/td><\/tr><\/tbody><\/table><\/figure>\n\n\n\n<p>Marketing (26)<\/p>\n\n\n\n<p>I cookie di marketing vengono utilizzati per tracciare i visitatori sui siti web. La finalit\u00e0 \u00e8 quella di presentare annunci pubblicitari che siano rilevanti e coinvolgenti per il singolo utente e quindi di maggior valore per editori e inserzionisti di terze parti.<\/p>\n\n\n\n<figure class=\"wp-block-table\"><table class=\"has-fixed-layout\"><thead><tr><th class=\"has-text-align-left\" data-align=\"left\">Nome<\/th><th class=\"has-text-align-left\" data-align=\"left\">Fornitore<\/th><th class=\"has-text-align-left\" data-align=\"left\">Scopo<\/th><th class=\"has-text-align-left\" data-align=\"left\">Durata massima di archiviazione<\/th><th class=\"has-text-align-left\" data-align=\"left\">Tipo<\/th><\/tr><\/thead><tbody><tr><td>__mh_tt_disable_script<\/td><td>app.cloudpano.com<\/td><td>Tiene traccia del tasso di conversione tra l&#8217;utente e i banner pubblicitari sul sito web: questo serve a ottimizzare la pertinenza degli annunci sul sito.<\/td><td>Sessione<\/td><td>Cookie HTTP<\/td><\/tr><tr><td>__zlcmid<\/td><td><a target=\"_blank\" rel=\"noreferrer noopener\" href=\"https:\/\/www.zendesk.com\/company\/customers-partners\/privacy-policy\/\">Zendesk<\/a><\/td><td>Preserva gli stati dell&#8217;utente nelle diverse pagine del sito.<\/td><td>1 anno<\/td><td>Cookie HTTP<\/td><\/tr><tr><td>_fbp [x3]<\/td><td><a target=\"_blank\" rel=\"noreferrer noopener\" href=\"https:\/\/www.facebook.com\/policy.php\/\">Meta Platforms, Inc.<\/a><\/td><td>Utilizzato da Facebook per fornire una serie di prodotti pubblicitari come offerte in tempo reale da inserzionisti terzi.<\/td><td>3 mesi<\/td><td>Cookie HTTP<\/td><\/tr><tr><td>_ga [x3]<\/td><td><a target=\"_blank\" rel=\"noreferrer noopener\" href=\"https:\/\/business.safety.google\/privacy\/\">Google<\/a><\/td><td>Utilizzato per inviare dati a Google Analytics in merito al dispositivo e al comportamento dell&#8217;utente. Tiene traccia dell&#8217;utente su dispositivi e canali di marketing.<\/td><td>2 anni<\/td><td>Cookie HTTP<\/td><\/tr><tr><td>_ga_# [x3]<\/td><td><a target=\"_blank\" rel=\"noreferrer noopener\" href=\"https:\/\/business.safety.google\/privacy\/\">Google<\/a><\/td><td>Utilizzato per inviare dati a Google Analytics in merito al dispositivo e al comportamento dell&#8217;utente. Tiene traccia dell&#8217;utente su dispositivi e canali di marketing.<\/td><td>2 anni<\/td><td>Cookie HTTP<\/td><\/tr><tr><td>_gat<\/td><td><a target=\"_blank\" rel=\"noreferrer noopener\" href=\"https:\/\/business.safety.google\/privacy\/\">Google<\/a><\/td><td>Utilizzato per inviare dati a Google Analytics in merito al dispositivo e al comportamento dell&#8217;utente. Tiene traccia dell&#8217;utente su dispositivi e canali di marketing.<\/td><td>1 giorno<\/td><td>Cookie HTTP<\/td><\/tr><tr><td>_gcl_au [x2]<\/td><td><a target=\"_blank\" rel=\"noreferrer noopener\" href=\"https:\/\/business.safety.google\/privacy\/\">Google<\/a><\/td><td>Utilizzato da Google AdSense per sperimentare l&#8217;efficacia pubblicitaria su tutti i siti web che utilizzano i loro servizi.<\/td><td>3 mesi<\/td><td>Cookie HTTP<\/td><\/tr><tr><td>_gcl_ls<\/td><td>app.cloudpano.com<\/td><td>Tiene traccia del tasso di conversione tra l&#8217;utente e i banner pubblicitari sul sito web: questo serve a ottimizzare la pertinenza degli annunci sul sito.<\/td><td>Persistente<\/td><td>Archiviazione locale HTML<\/td><\/tr><tr><td>_gid<\/td><td><a target=\"_blank\" rel=\"noreferrer noopener\" href=\"https:\/\/business.safety.google\/privacy\/\">Google<\/a><\/td><td>Utilizzato per inviare dati a Google Analytics in merito al dispositivo e al comportamento dell&#8217;utente. Tiene traccia dell&#8217;utente su dispositivi e canali di marketing.<\/td><td>1 giorno<\/td><td>Cookie HTTP<\/td><\/tr><tr><td>LAST_RESULT_ENTRY_KEY<\/td><td><a target=\"_blank\" rel=\"noreferrer noopener\" href=\"https:\/\/business.safety.google\/privacy\/\">YouTube<\/a><\/td><td>Utilizzato per tracciare l&#8217;interazione dell&#8217;utente con i contenuti incorporati.<\/td><td>Sessione<\/td><td>Cookie HTTP<\/td><\/tr><tr><td>lastExternalReferrer<\/td><td><a target=\"_blank\" rel=\"noreferrer noopener\" href=\"https:\/\/www.facebook.com\/policy.php\/\">Meta Platforms, Inc.<\/a><\/td><td>Rileva come l&#8217;utente ha raggiunto il sito internet, registrando il suo precedente URL, ovvero il sito web da cui proviene.<\/td><td>Persistente<\/td><td>Archiviazione locale HTML<\/td><\/tr><tr><td>lastExternalReferrerTime<\/td><td><a target=\"_blank\" rel=\"noreferrer noopener\" href=\"https:\/\/www.facebook.com\/policy.php\/\">Meta Platforms, Inc.<\/a><\/td><td>Rileva come l&#8217;utente ha raggiunto il sito internet, registrando il suo precedente URL, ovvero il sito web da cui proviene.<\/td><td>Persistente<\/td><td>Archiviazione locale HTML<\/td><\/tr><tr><td>log\/error<\/td><td><a target=\"_blank\" rel=\"noreferrer noopener\" href=\"https:\/\/www.facebook.com\/policy.php\/\">Meta Platforms, Inc.<\/a><\/td><td>Utilizzato per rilevare e registrare potenziali errori di tracciamento.<\/td><td>Sessione<\/td><td>Pixel Tracker<\/td><\/tr><tr><td>pcm_consent [x2]<\/td><td><a target=\"_blank\" rel=\"noreferrer noopener\" href=\"https:\/\/www.booking.com\/content\/privacy.html?label=gen173nr-1DCAEoggI46AdIM1gEaD2IAQGYATG4ARfIAQzYAQPoAQH4AQKIAgGoAgM;sid=e5c016a7731fe29c120bf2a5e5d53563\">Booking.com<\/a><br><a target=\"_blank\" rel=\"noreferrer noopener\" href=\"https:\/\/www.rentalcars.com\/da\/privacy\/\">Rentalcars.com<\/a><\/td><td>Raccoglie informazioni sul comportamento degli utenti su pi\u00f9 siti web. Questa informazione \u00e8 utilizzata al fine di ottimizzare la rilevanza della pubblicit\u00e0.<\/td><td>1 anno<\/td><td>Cookie HTTP<\/td><\/tr><tr><td>TESTCOOKIESENABLED<\/td><td><a target=\"_blank\" rel=\"noreferrer noopener\" href=\"https:\/\/business.safety.google\/privacy\/\">YouTube<\/a><\/td><td>Utilizzato per tracciare l&#8217;interazione dell&#8217;utente con i contenuti incorporati.<\/td><td>1 giorno<\/td><td>Cookie HTTP<\/td><\/tr><tr><td>yt-icons-last-purged<\/td><td><a target=\"_blank\" rel=\"noreferrer noopener\" href=\"https:\/\/business.safety.google\/privacy\/\">YouTube<\/a><\/td><td>Necessario per l&#8217;implementazione e la funzionalit\u00e0 dei contenuti video di YouTube sul sito.<\/td><td>Persistente<\/td><td>Archiviazione locale HTML<\/td><\/tr><tr><td>YtIdbMeta#databases<\/td><td><a target=\"_blank\" rel=\"noreferrer noopener\" href=\"https:\/\/business.safety.google\/privacy\/\">YouTube<\/a><\/td><td>Utilizzato per tracciare l&#8217;interazione dell&#8217;utente con i contenuti incorporati.<\/td><td>Persistente<\/td><td>IndexedDB<\/td><\/tr><tr><td>zte#<\/td><td><a target=\"_blank\" rel=\"noreferrer noopener\" href=\"https:\/\/www.zendesk.com\/company\/customers-partners\/privacy-policy\/\">Zendesk<\/a><\/td><td>Salva una Live Chat ID di Zopim che riconosce un dispositivo su pi\u00f9 visite durante una sessione di chat.<\/td><td>Sessione<\/td><td>Cookie HTTP<\/td><\/tr><\/tbody><\/table><\/figure>\n\n\n\n<p>Non classificati (7)<\/p>\n\n\n\n<p>I cookie non classificati sono i cookie che sono in fase di classificazione, insieme ai fornitori di cookie individuali.<\/p>\n\n\n\n<figure class=\"wp-block-table\"><table class=\"has-fixed-layout\"><thead><tr><th class=\"has-text-align-left\" data-align=\"left\">Nome<\/th><th class=\"has-text-align-left\" data-align=\"left\">Fornitore<\/th><th class=\"has-text-align-left\" data-align=\"left\">Scopo<\/th><th class=\"has-text-align-left\" data-align=\"left\">Durata massima di archiviazione<\/th><th class=\"has-text-align-left\" data-align=\"left\">Tipo<\/th><\/tr><\/thead><tbody><tr><td>_implmdnbl<\/td><td><a target=\"_blank\" rel=\"noreferrer noopener\" href=\"https:\/\/www.booking.com\/content\/privacy.html?label=gen173nr-1DCAEoggI46AdIM1gEaD2IAQGYATG4ARfIAQzYAQPoAQH4AQKIAgGoAgM;sid=e5c016a7731fe29c120bf2a5e5d53563\">Booking.com<\/a><\/td><td>In attesa<\/td><td>Sessione<\/td><td>Cookie HTTP<\/td><\/tr><tr><td>attribution<\/td><td><a target=\"_blank\" rel=\"noreferrer noopener\" href=\"https:\/\/www.rentalcars.com\/da\/privacy\/\">Rentalcars.com<\/a><\/td><td>In attesa<\/td><td>Sessione<\/td><td>Cookie HTTP<\/td><\/tr><tr><td>essentials_visitor<\/td><td><a target=\"_blank\" rel=\"noreferrer noopener\" href=\"https:\/\/www.rentalcars.com\/da\/privacy\/\">Rentalcars.com<\/a><\/td><td>In attesa<\/td><td>Sessione<\/td><td>Cookie HTTP<\/td><\/tr><tr><td>et_uvi<\/td><td><a target=\"_blank\" rel=\"noreferrer noopener\" href=\"https:\/\/www.rentalcars.com\/da\/privacy\/\">Rentalcars.com<\/a><\/td><td>In attesa<\/td><td>1 anno<\/td><td>Cookie HTTP<\/td><\/tr><tr><td>isAuth<\/td><td>cdn.cloudpano.com<\/td><td>In attesa<\/td><td>1 anno<\/td><td>Cookie HTTP<\/td><\/tr><tr><td>tj_conf<\/td><td><a target=\"_blank\" rel=\"noreferrer noopener\" href=\"https:\/\/www.rentalcars.com\/da\/privacy\/\">Rentalcars.com<\/a><\/td><td>In attesa<\/td><td>1 mese<\/td><td>Cookie HTTP<\/td><\/tr><tr><td>tj_seed<\/td><td><a target=\"_blank\" rel=\"noreferrer noopener\" href=\"https:\/\/www.rentalcars.com\/da\/privacy\/\">Rentalcars.com<\/a><\/td><td>In attesa<\/td><td>1 anno<\/td><td>Cookie HTTP<\/td><\/tr><\/tbody><\/table><\/figure>\n","protected":false},"excerpt":{"rendered":"<p>Geasar S.p.A. (di seguito \u201cTitolare\u201d) ai sensi dell\u2019art. 13 del Regolamento Generale sulla Protezione dei Dati n. 2016\/679 (di seguito, \u201cGDPR\u201d), Le rilascia le informazioni relative al trattamento dei Suoi dati personali, effettuato tramite i cookie, web beacon, web bug, e tecnologie similari presenti all\u2019interno delle pagine del sito web&nbsp;www.geasar.it&nbsp;(di seguito, il \u201cSito\u201d). Questo sito [&hellip;]<\/p>\n","protected":false},"author":2,"featured_media":0,"parent":0,"menu_order":0,"comment_status":"closed","ping_status":"closed","template":"","meta":{"_acf_changed":false,"footnotes":""},"class_list":["post-2606","page","type-page","status-publish","hentry"],"acf":[],"_links":{"self":[{"href":"https:\/\/stg-aptns.ideadocet.com\/en\/wp-json\/wp\/v2\/pages\/2606","targetHints":{"allow":["GET"]}}],"collection":[{"href":"https:\/\/stg-aptns.ideadocet.com\/en\/wp-json\/wp\/v2\/pages"}],"about":[{"href":"https:\/\/stg-aptns.ideadocet.com\/en\/wp-json\/wp\/v2\/types\/page"}],"author":[{"embeddable":true,"href":"https:\/\/stg-aptns.ideadocet.com\/en\/wp-json\/wp\/v2\/users\/2"}],"replies":[{"embeddable":true,"href":"https:\/\/stg-aptns.ideadocet.com\/en\/wp-json\/wp\/v2\/comments?post=2606"}],"version-history":[{"count":0,"href":"https:\/\/stg-aptns.ideadocet.com\/en\/wp-json\/wp\/v2\/pages\/2606\/revisions"}],"wp:attachment":[{"href":"https:\/\/stg-aptns.ideadocet.com\/en\/wp-json\/wp\/v2\/media?parent=2606"}],"curies":[{"name":"wp","href":"https:\/\/api.w.org\/{rel}","templated":true}]}}